{"id":143,"date":"2016-06-20T07:48:11","date_gmt":"2016-06-20T04:48:11","guid":{"rendered":"http:\/\/sw-themes.com\/porto_dummy\/?page_id=143"},"modified":"2021-09-16T20:54:44","modified_gmt":"2021-09-16T17:54:44","slug":"anasayfa","status":"publish","type":"page","link":"https:\/\/fdkongre.atauni.edu.tr\/tasavvufedebiyat\/","title":{"rendered":"Ana Sayfa"},"content":{"rendered":"<p>[vc_row wrap_container=&#8221;yes&#8221; el_class=&#8221;home-intro home-intro-dark&#8221;][vc_column width=&#8221;2\/3&#8243;][vc_column_text el_class=&#8221;m-b-none&#8221; css=&#8221;.vc_custom_1631691244045{padding-left: 145px !important;}&#8221;]<\/p>\n<p style=\"text-align: center;\"><strong>ULUSLARARASI TASAVVUF VE EDEB\u0130YAT &#8211; <em class=\"text-color-primary\">SEMPOZYUMU<\/em><\/strong><\/p>\n<p>[\/vc_column_text][\/vc_column][\/vc_row][vc_row][vc_column width=&#8221;1\/3&#8243;][vc_single_image image=&#8221;2512&#8243; img_size=&#8221;large&#8221; css=&#8221;.vc_custom_1631701898257{padding-top: 10px !important;}&#8221; label=&#8221;&#8221;][\/vc_column][vc_column width=&#8221;1\/3&#8243;][vc_column_text css=&#8221;.vc_custom_1631701973042{padding-top: 10px !important;}&#8221;]<\/p>\n<h3><strong>SEMPOZYUMA \u00c7A\u011eRI<\/strong><\/h3>\n<p>K\u00f6kleri II. (VIII.) y\u00fczy\u0131la dayanan tasavvuf bu y\u00fczy\u0131llardan itibaren geni\u015f bir co\u011frafyaya yay\u0131lm\u0131\u015f ve kendi b\u00fcnyesi i\u00e7inde her d\u00f6nemde \u00fcnl\u00fc mutasavv\u0131flar yeti\u015fmesine \u00f6nc\u00fcl\u00fck etmi\u015ftir. Bu mutasavv\u0131flar arac\u0131l\u0131\u011f\u0131yla edebi dalda yeni bir edebi t\u00fcr\u00fc ortaya \u00e7\u0131km\u0131\u015ft\u0131r. Bu mistik bilim dal\u0131 g\u00fcn\u00fcm\u00fczde roman, m\u00fczik, sinema gibi modern sanat dallar\u0131n\u0131 da yans\u0131m\u0131\u015ft\u0131r. Uluslararas\u0131 ger\u00e7ekle\u015ftirilecek bu sempozyum arac\u0131l\u0131\u011f\u0131yla \u0130ran, Hindistan, Almanya ve Rusya gibi \u00fclkelerdeki \u00fcnl\u00fc \u015farkiyat\u00e7\u0131lar\u0131n kat\u0131l\u0131m\u0131yla tasavvuf edebiyat\u0131n d\u00fcnya \u00e7ap\u0131ndaki yeri ve konuyla ilgili bu \u00fclkelerde yap\u0131lan \u00e7al\u0131\u015fmalar, ara\u015ft\u0131rmac\u0131lar\u0131n yeni \u00e7al\u0131\u015fmalar\u0131na \u0131\u015f\u0131k tutaca\u011f\u0131n\u0131 \u00fcmit eder, d\u00fczenle kurulumuz ad\u0131na siz de\u011ferli bilim insanlar\u0131n\u0131 kat\u0131l\u0131mc\u0131 olarak aram\u0131zda g\u00f6rmekten onur duyar\u0131z.<\/p>\n<h4><strong>D\u00fczenleme Kurulu Ba\u015fkan\u0131\/Chairman of Organizing Committee<\/strong><\/h4>\n<h4>Do\u00e7. Dr. Asuman G\u00d6KHAN<\/h4>\n<p>&nbsp;<\/p>\n<p>&nbsp;<\/p>\n<p>&nbsp;<\/p>\n<p>&nbsp;<\/p>\n<h3><strong>\u0130LET\u0130\u015e\u0130M<\/strong><\/h3>\n<h4>\u0130leti\u015fim Maili: <a href=\"mailto:tasavvuf@atauni.edu.tr\">tasavvuf@atauni.edu.tr<\/a><\/h4>\n<h4>Genel Sekreter\/Secretary General<\/h4>\n<h4>Zoom ID: 918 6413 0473<\/h4>\n<p>[\/vc_column_text][\/vc_column][vc_column width=&#8221;1\/3&#8243;][vc_column_text css=&#8221;.vc_custom_1631691605530{padding-top: 10px !important;}&#8221;]<\/p>\n<h4><strong>D\u00fczenleyen \/ Organizer<\/strong><\/h4>\n<p>Fars Dili ve Edebiyat\u0131 B\u00f6l\u00fcm\u00fc<\/p>\n<h4><strong>\u00d6nemli Tarihler<\/strong><\/h4>\n<ul>\n<li>Kay\u0131t Ba\u015fvurusu \u0130\u00e7in Son Tarih 10.07.2021<\/li>\n<li>\u00d6zet G\u00f6nderim: 26 A\u011fustos 2021<\/li>\n<li>Yay\u0131na Haz\u0131r Bildiri G\u00f6nderimi 30.11.2021<\/li>\n<li>Etkinlik Tarihi:26-27.10.2021<\/li>\n<\/ul>\n<h4 style=\"text-align: left;\"><strong>Sempozyum Ana Ba\u015fl\u0131klar\u0131<\/strong><\/h4>\n<ul>\n<li>Tasavvufun Edebiyata Etkisi<\/li>\n<li>Tasavvufun Felsefeye Etkisi<\/li>\n<li>Bat\u0131 Edebiyat\u0131nda Tasavvuf<\/li>\n<li>Do\u011fu Edebiyat\u0131nda Tasavvuf<\/li>\n<li>Mutasavv\u0131f \u015eairler<\/li>\n<li>Ge\u00e7mi\u015ften G\u00fcn\u00fcm\u00fcze Tasavvuf<\/li>\n<li>Din ve Edebiyat A\u00e7\u0131s\u0131ndan Tasavvuf Kar\u015f\u0131la\u015ft\u0131rmas\u0131<\/li>\n<li>\u0130slam\u2019da Tasavvufun\u00a0 Yeri<\/li>\n<\/ul>\n<p><strong>Sempozyum kat\u0131l\u0131m \u00fccreti ALINMAMAKTADIR.<\/strong><\/p>\n<p><strong>Sempoyum Pandemi K\u0131s\u0131tlamalar\u0131 Nedeniyle Online olarak ger\u00e7ekle\u015ftirilecektir.<\/strong><\/p>\n<p>Sempozyum ba\u015fvurunuzu bekler, sayg\u0131lar\u0131m\u0131z\u0131 sunar\u0131z.<\/p>\n<p>D\u00fczenleme Kurulu ad\u0131na,<\/p>\n<h4><strong>Do\u00e7. Dr. Asuman G\u00d6KHAN<\/strong><\/h4>\n<p>[\/vc_column_text][\/vc_column][\/vc_row]<\/p>\n","protected":false},"excerpt":{"rendered":"<p>[vc_row wrap_container=&#8221;yes&#8221; el_class=&#8221;home-intro home-intro-dark&#8221;][vc_column width=&#8221;2\/3&#8243;][vc_column_text el_class=&#8221;m-b-none&#8221; css=&#8221;.vc_custom_1631691244045{padding-left: 145px !important;}&#8221;] ULUSLARARASI TASAVVUF VE EDEB\u0130YAT &#8211; SEMPOZYUMU [\/vc_column_text][\/vc_column][\/vc_row][vc_row][vc_column width=&#8221;1\/3&#8243;][vc_single_image image=&#8221;2512&#8243; img_size=&#8221;large&#8221; css=&#8221;.vc_custom_1631701898257{padding-top: 10px !important;}&#8221; label=&#8221;&#8221;][\/vc_column][vc_column width=&#8221;1\/3&#8243;][vc_column_text css=&#8221;.vc_custom_1631701973042{padding-top: 10px !important;}&#8221;] SEMPOZYUMA \u00c7A\u011eRI K\u00f6kleri II. (VIII.) y\u00fczy\u0131la dayanan tasavvuf bu y\u00fczy\u0131llardan itibaren geni\u015f bir co\u011frafyaya yay\u0131lm\u0131\u015f ve kendi b\u00fcnyesi i\u00e7inde her d\u00f6nemde \u00fcnl\u00fc mutasavv\u0131flar yeti\u015fmesine \u00f6nc\u00fcl\u00fck etmi\u015ftir. Bu mutasavv\u0131flar [&hellip;]<\/p>\n","protected":false},"author":1,"featured_media":0,"parent":0,"menu_order":0,"comment_status":"closed","ping_status":"closed","template":"","meta":{"footnotes":""},"class_list":["post-143","page","type-page","status-publish","hentry"],"_links":{"self":[{"href":"https:\/\/fdkongre.atauni.edu.tr\/tasavvufedebiyat\/index.php?rest_route=\/wp\/v2\/pages\/143","targetHints":{"allow":["GET"]}}],"collection":[{"href":"https:\/\/fdkongre.atauni.edu.tr\/tasavvufedebiyat\/index.php?rest_route=\/wp\/v2\/pages"}],"about":[{"href":"https:\/\/fdkongre.atauni.edu.tr\/tasavvufedebiyat\/index.php?rest_route=\/wp\/v2\/types\/page"}],"author":[{"embeddable":true,"href":"https:\/\/fdkongre.atauni.edu.tr\/tasavvufedebiyat\/index.php?rest_route=\/wp\/v2\/users\/1"}],"replies":[{"embeddable":true,"href":"https:\/\/fdkongre.atauni.edu.tr\/tasavvufedebiyat\/index.php?rest_route=%2Fwp%2Fv2%2Fcomments&post=143"}],"version-history":[{"count":33,"href":"https:\/\/fdkongre.atauni.edu.tr\/tasavvufedebiyat\/index.php?rest_route=\/wp\/v2\/pages\/143\/revisions"}],"predecessor-version":[{"id":2514,"href":"https:\/\/fdkongre.atauni.edu.tr\/tasavvufedebiyat\/index.php?rest_route=\/wp\/v2\/pages\/143\/revisions\/2514"}],"wp:attachment":[{"href":"https:\/\/fdkongre.atauni.edu.tr\/tasavvufedebiyat\/index.php?rest_route=%2Fwp%2Fv2%2Fmedia&parent=143"}],"curies":[{"name":"wp","href":"https:\/\/api.w.org\/{rel}","templated":true}]}}