{"id":2446,"date":"2021-07-14T09:28:25","date_gmt":"2021-07-14T06:28:25","guid":{"rendered":"https:\/\/fdkongre.atauni.edu.tr\/tasavvufedebiyat\/?page_id=2446"},"modified":"2021-09-30T10:49:35","modified_gmt":"2021-09-30T07:49:35","slug":"onur-kurulu","status":"publish","type":"page","link":"https:\/\/fdkongre.atauni.edu.tr\/tasavvufedebiyat\/?page_id=2446","title":{"rendered":"ONUR KURULU"},"content":{"rendered":"<p>&nbsp;<\/p>\n<h4><strong>Onursal Ba\u015fkan\/Honorary President<\/strong><\/h4>\n<p>Prof. Dr. \u00d6mer \u00c7OMAKLI<\/p>\n<p>Atat\u00fcrk \u00dcniversitesi Rekt\u00f6r\u00fc<\/p>\n<h4><strong>Onur Kurulu\/ Honorary Committee<\/strong><\/h4>\n<p>Prof. Dr. Dilaver D\u00dcZG\u00dcN- Atat\u00fcrk \u00dcniversitesi Edebiyat Fak\u00fcltesi Dekan\u0131, T\u00dcRK\u0130YE<\/p>\n<p>&nbsp;<\/p>\n<p>&nbsp;<\/p>\n","protected":false},"excerpt":{"rendered":"<p>&nbsp; Onursal Ba\u015fkan\/Honorary President Prof. Dr. \u00d6mer \u00c7OMAKLI Atat\u00fcrk \u00dcniversitesi Rekt\u00f6r\u00fc Onur Kurulu\/ Honorary Committee Prof. Dr. Dilaver D\u00dcZG\u00dcN- Atat\u00fcrk \u00dcniversitesi Edebiyat Fak\u00fcltesi Dekan\u0131, T\u00dcRK\u0130YE &nbsp; &nbsp;<\/p>\n","protected":false},"author":1,"featured_media":0,"parent":0,"menu_order":0,"comment_status":"closed","ping_status":"closed","template":"","meta":{"footnotes":""},"class_list":["post-2446","page","type-page","status-publish","hentry"],"_links":{"self":[{"href":"https:\/\/fdkongre.atauni.edu.tr\/tasavvufedebiyat\/index.php?rest_route=\/wp\/v2\/pages\/2446","targetHints":{"allow":["GET"]}}],"collection":[{"href":"https:\/\/fdkongre.atauni.edu.tr\/tasavvufedebiyat\/index.php?rest_route=\/wp\/v2\/pages"}],"about":[{"href":"https:\/\/fdkongre.atauni.edu.tr\/tasavvufedebiyat\/index.php?rest_route=\/wp\/v2\/types\/page"}],"author":[{"embeddable":true,"href":"https:\/\/fdkongre.atauni.edu.tr\/tasavvufedebiyat\/index.php?rest_route=\/wp\/v2\/users\/1"}],"replies":[{"embeddable":true,"href":"https:\/\/fdkongre.atauni.edu.tr\/tasavvufedebiyat\/index.php?rest_route=%2Fwp%2Fv2%2Fcomments&post=2446"}],"version-history":[{"count":9,"href":"https:\/\/fdkongre.atauni.edu.tr\/tasavvufedebiyat\/index.php?rest_route=\/wp\/v2\/pages\/2446\/revisions"}],"predecessor-version":[{"id":2519,"href":"https:\/\/fdkongre.atauni.edu.tr\/tasavvufedebiyat\/index.php?rest_route=\/wp\/v2\/pages\/2446\/revisions\/2519"}],"wp:attachment":[{"href":"https:\/\/fdkongre.atauni.edu.tr\/tasavvufedebiyat\/index.php?rest_route=%2Fwp%2Fv2%2Fmedia&parent=2446"}],"curies":[{"name":"wp","href":"https:\/\/api.w.org\/{rel}","templated":true}]}}