{"id":2448,"date":"2021-07-14T09:28:47","date_gmt":"2021-07-14T06:28:47","guid":{"rendered":"https:\/\/fdkongre.atauni.edu.tr\/tasavvufedebiyat\/?page_id=2448"},"modified":"2021-09-15T10:47:50","modified_gmt":"2021-09-15T07:47:50","slug":"duzenleme-kurulu","status":"publish","type":"page","link":"https:\/\/fdkongre.atauni.edu.tr\/tasavvufedebiyat\/?page_id=2448","title":{"rendered":"D\u00dcZENLEME KURULU"},"content":{"rendered":"<p>[vc_row][vc_column][vc_column_text]<\/p>\n<h4><strong>D\u00fczenleme Kurulu Ba\u015fkan\u0131\/Chairman of Organizing Committee<\/strong><\/h4>\n<p>Do\u00e7. Dr. Asuman G\u00d6KHAN, T\u00dcRK\u0130YE<\/p>\n<h4><strong>D\u00fczenleme Kurulu E\u015f Ba\u015fkan\u0131\/Co-Chairman of Organizing Committee<\/strong><\/h4>\n<p>Do\u00e7. Dr. \u0130lknur EMEKL\u0130<\/p>\n<h4><strong>D\u00fczenleme Kurulu Ba\u015fkan Yard\u0131mc\u0131s\u0131\/ Vise Chairman of Organizing Committee<\/strong><\/h4>\n<p>Do\u00e7. Dr. Nurullah YILMAZ<\/p>\n<p><strong>Genel Sekreter\/Secretary General<\/strong><\/p>\n<p>Ar\u015f. G\u00f6r. \u015eeyda ARISOY, T\u00dcRK\u0130YE<\/p>\n<h4><strong>D\u00fczenleme Kurulu\/Organizing Committee<\/strong><\/h4>\n<p>Prof. Dr. Nimet YILDIRIM, Atat\u00fcrk \u00dcniversitesi, T\u00dcRK\u0130YE<\/p>\n<p>Prof. Dr. Veyis DE\u011e\u0130RMEN\u00c7AY, Atat\u00fcrk \u00dcniversitesi, T\u00dcRK\u0130YE<\/p>\n<p>Dr. \u00d6\u011fr. \u00dcyesi Pouneh ABDOLLAHIFARD\/T\u00dcRK\u0130YE<\/p>\n<p>[\/vc_column_text][\/vc_column][\/vc_row]<\/p>\n","protected":false},"excerpt":{"rendered":"<p>[vc_row][vc_column][vc_column_text] D\u00fczenleme Kurulu Ba\u015fkan\u0131\/Chairman of Organizing Committee Do\u00e7. Dr. Asuman G\u00d6KHAN, T\u00dcRK\u0130YE D\u00fczenleme Kurulu E\u015f Ba\u015fkan\u0131\/Co-Chairman of Organizing Committee Do\u00e7. Dr. \u0130lknur EMEKL\u0130 D\u00fczenleme Kurulu Ba\u015fkan Yard\u0131mc\u0131s\u0131\/ Vise Chairman of Organizing Committee Do\u00e7. Dr. Nurullah YILMAZ Genel Sekreter\/Secretary General Ar\u015f. G\u00f6r. \u015eeyda ARISOY, T\u00dcRK\u0130YE D\u00fczenleme Kurulu\/Organizing Committee Prof. Dr. Nimet YILDIRIM, Atat\u00fcrk \u00dcniversitesi, T\u00dcRK\u0130YE Prof. [&hellip;]<\/p>\n","protected":false},"author":1,"featured_media":0,"parent":0,"menu_order":0,"comment_status":"closed","ping_status":"closed","template":"","meta":{"footnotes":""},"class_list":["post-2448","page","type-page","status-publish","hentry"],"_links":{"self":[{"href":"https:\/\/fdkongre.atauni.edu.tr\/tasavvufedebiyat\/index.php?rest_route=\/wp\/v2\/pages\/2448","targetHints":{"allow":["GET"]}}],"collection":[{"href":"https:\/\/fdkongre.atauni.edu.tr\/tasavvufedebiyat\/index.php?rest_route=\/wp\/v2\/pages"}],"about":[{"href":"https:\/\/fdkongre.atauni.edu.tr\/tasavvufedebiyat\/index.php?rest_route=\/wp\/v2\/types\/page"}],"author":[{"embeddable":true,"href":"https:\/\/fdkongre.atauni.edu.tr\/tasavvufedebiyat\/index.php?rest_route=\/wp\/v2\/users\/1"}],"replies":[{"embeddable":true,"href":"https:\/\/fdkongre.atauni.edu.tr\/tasavvufedebiyat\/index.php?rest_route=%2Fwp%2Fv2%2Fcomments&post=2448"}],"version-history":[{"count":4,"href":"https:\/\/fdkongre.atauni.edu.tr\/tasavvufedebiyat\/index.php?rest_route=\/wp\/v2\/pages\/2448\/revisions"}],"predecessor-version":[{"id":2511,"href":"https:\/\/fdkongre.atauni.edu.tr\/tasavvufedebiyat\/index.php?rest_route=\/wp\/v2\/pages\/2448\/revisions\/2511"}],"wp:attachment":[{"href":"https:\/\/fdkongre.atauni.edu.tr\/tasavvufedebiyat\/index.php?rest_route=%2Fwp%2Fv2%2Fmedia&parent=2448"}],"curies":[{"name":"wp","href":"https:\/\/api.w.org\/{rel}","templated":true}]}}