{"id":2450,"date":"2021-07-14T09:29:39","date_gmt":"2021-07-14T06:29:39","guid":{"rendered":"https:\/\/fdkongre.atauni.edu.tr\/tasavvufedebiyat\/?page_id=2450"},"modified":"2021-07-16T11:37:03","modified_gmt":"2021-07-16T08:37:03","slug":"yazim-kurallari","status":"publish","type":"page","link":"https:\/\/fdkongre.atauni.edu.tr\/tasavvufedebiyat\/?page_id=2450","title":{"rendered":"YAZIM VE YAYIN \u0130LKELER\u0130"},"content":{"rendered":"\n<p>Bildiri \u00f6zeti, en az 100 en fazla 200 kelimeden olu\u015fmal\u0131d\u0131r.<\/p>\n\n\n\n<p>\u00d6zet, ba\u015fl\u0131k ve 3-6 kelimelik anahtar kelimeler ile birlikte yaz\u0131lmal\u0131d\u0131r. (\u0130ngilizce \u00f6zet tercihe ba\u011fl\u0131d\u0131r) \u0130sim sonuna dipnot verilerek unvan, kurum, yaz\u0131\u015fma adresi bilgileri eklenmelidir. Sayfa d\u00fczeni a\u015fa\u011f\u0131da belirtilen hususlara uygun bi\u00e7imde tasarlanmal\u0131d\u0131r:<\/p>\n\n\n\n<p>K\u00e2\u011f\u0131t Boyutu: A4 Dikey<\/p>\n\n\n\n<p>\u00dcst Kenar Bo\u015fluk: 2,5 cm<\/p>\n\n\n\n<p>Alt Kenar Bo\u015fluk: 2,5 cm<\/p>\n\n\n\n<p>Sol Kenar Bo\u015fluk: 2,5 cm<\/p>\n\n\n\n<p>Sa\u011f Kenar Bo\u015fluk: 2,5 cm<\/p>\n\n\n\n<p>Yaz\u0131 Tipi: Times New Roman<\/p>\n\n\n\n<p>Yaz\u0131 Boyutu: Ba\u015fl\u0131k 13 punto (bold) \u2013 \u00d6zet, tam metin ve alt ba\u015fl\u0131klar 12 punto \u2013 dipnot 9 punto<\/p>\n\n\n\n<p>Paragraf Aral\u0131\u011f\u0131: 6 nk<\/p>\n\n\n\n<p>Sat\u0131r Aral\u0131\u011f\u0131: Metinde 1.15 sat\u0131r aral\u0131\u011f\u0131, dipnotlarda ise 1 sat\u0131r aral\u0131\u011f\u0131<\/p>\n\n\n\n<p>Kaynak\u00e7a kullan\u0131m\u0131nda APA 7. versiyon yaz\u0131m yay\u0131n ilkeleri esas al\u0131nacakt\u0131r. \u00d6zet metin ve tam metin bildirilerde ayn\u0131 yaz\u0131m kurallar\u0131 ge\u00e7erlidir.<\/p>\n","protected":false},"excerpt":{"rendered":"<p>Bildiri \u00f6zeti, en az 100 en fazla 200 kelimeden olu\u015fmal\u0131d\u0131r. \u00d6zet, ba\u015fl\u0131k ve 3-6 kelimelik anahtar kelimeler ile birlikte yaz\u0131lmal\u0131d\u0131r. (\u0130ngilizce \u00f6zet tercihe ba\u011fl\u0131d\u0131r) \u0130sim sonuna dipnot verilerek unvan, kurum, yaz\u0131\u015fma adresi bilgileri eklenmelidir. Sayfa d\u00fczeni a\u015fa\u011f\u0131da belirtilen hususlara uygun bi\u00e7imde tasarlanmal\u0131d\u0131r: K\u00e2\u011f\u0131t Boyutu: A4 Dikey \u00dcst Kenar Bo\u015fluk: 2,5 cm Alt Kenar Bo\u015fluk: 2,5 [&hellip;]<\/p>\n","protected":false},"author":1,"featured_media":0,"parent":0,"menu_order":0,"comment_status":"closed","ping_status":"closed","template":"","meta":{"footnotes":""},"class_list":["post-2450","page","type-page","status-publish","hentry"],"_links":{"self":[{"href":"https:\/\/fdkongre.atauni.edu.tr\/tasavvufedebiyat\/index.php?rest_route=\/wp\/v2\/pages\/2450","targetHints":{"allow":["GET"]}}],"collection":[{"href":"https:\/\/fdkongre.atauni.edu.tr\/tasavvufedebiyat\/index.php?rest_route=\/wp\/v2\/pages"}],"about":[{"href":"https:\/\/fdkongre.atauni.edu.tr\/tasavvufedebiyat\/index.php?rest_route=\/wp\/v2\/types\/page"}],"author":[{"embeddable":true,"href":"https:\/\/fdkongre.atauni.edu.tr\/tasavvufedebiyat\/index.php?rest_route=\/wp\/v2\/users\/1"}],"replies":[{"embeddable":true,"href":"https:\/\/fdkongre.atauni.edu.tr\/tasavvufedebiyat\/index.php?rest_route=%2Fwp%2Fv2%2Fcomments&post=2450"}],"version-history":[{"count":4,"href":"https:\/\/fdkongre.atauni.edu.tr\/tasavvufedebiyat\/index.php?rest_route=\/wp\/v2\/pages\/2450\/revisions"}],"predecessor-version":[{"id":2495,"href":"https:\/\/fdkongre.atauni.edu.tr\/tasavvufedebiyat\/index.php?rest_route=\/wp\/v2\/pages\/2450\/revisions\/2495"}],"wp:attachment":[{"href":"https:\/\/fdkongre.atauni.edu.tr\/tasavvufedebiyat\/index.php?rest_route=%2Fwp%2Fv2%2Fmedia&parent=2450"}],"curies":[{"name":"wp","href":"https:\/\/api.w.org\/{rel}","templated":true}]}}