{"id":2452,"date":"2021-07-14T09:30:14","date_gmt":"2021-07-14T06:30:14","guid":{"rendered":"https:\/\/fdkongre.atauni.edu.tr\/tasavvufedebiyat\/?page_id=2452"},"modified":"2021-09-15T10:44:19","modified_gmt":"2021-09-15T07:44:19","slug":"bilimkurulu","status":"publish","type":"page","link":"https:\/\/fdkongre.atauni.edu.tr\/tasavvufedebiyat\/?page_id=2452","title":{"rendered":"B\u0130L\u0130M KURULU"},"content":{"rendered":"<p>[vc_row][vc_column][vc_column_text]<\/p>\n<p>Prof. Dr. Hasan \u00c7\u0130FT\u00c7\u0130, Bing\u00f6l \u00dcniversitesi, T\u00dcRK\u0130YE<\/p>\n<p>Prof. Dr. Esedullah VAH\u0130D, Tebriz \u00dcniversitesi, \u0130RAN<\/p>\n<p>Prof. Dr. Ahmet FARSBAFIAN, Tebriz \u00dcniversitesi, \u0130RAN<\/p>\n<p>Prof. Dr. \u0130brahim \u0130KBAL\u0130, Tebriz \u00dcniversitesi, \u0130RAN<\/p>\n<p>Prof. Dr. Kadir GOLKARIAN, Yak\u0131n Do\u011fu \u00dcniversitesi, KIBRIS<\/p>\n<p>Prof. Dr. Felihe Zehra KAZEM\u0130, Lahore College for Women University, \u00a0PAK\u0130STAN<\/p>\n<p>Prof. Dr. Selami ECE, Atat\u00fcrk \u00dcniversitesi, T\u00dcRK\u0130YE<\/p>\n<p>Prof. Dr. Ali G\u00dcZELY\u00dcZ, \u0130stanbul \u00dcniversitesi, T\u00dcRK\u0130YE<\/p>\n<p>Prof. Dr. Ali TEM\u0130ZEL, Konya Sel\u00e7uk \u00dcniversitesi, T\u00dcRK\u0130YE<\/p>\n<p>Prof. Dr. \u0130brahim KUNT, Konya Sel\u00e7uk \u00dcniversitesi, T\u00dcRK\u0130YE<\/p>\n<p>Prof. Dr. Hicabi KIRLANGI\u00c7, Ankara \u00dcniversitesi, T\u00dcRK\u0130YE<\/p>\n<p>Prof. Dr. Adnan KARA\u0130SMA\u0130LO\u011eLU, K\u0131r\u0131kkale \u00dcniversitesi, T\u00dcRK\u0130YE<\/p>\n<p>Prof. Dr. Yusuf \u00d6Z, Ankara Y\u0131ld\u0131r\u0131m Beyaz\u0131t \u00dcniversitesi, T\u00dcRK\u0130YE<\/p>\n<p>Prof. Dr. Muhammed Abd\u00fcllatif HER\u0130D\u0130, Ayn \u015eems \u00dcniversitesi, MISIR<\/p>\n<p>Prof. Dr. Nevzat Haf\u0131s YANIK, Atat\u00fcrk \u00dcniversitesi, T\u00dcRK\u0130YE<\/p>\n<p>Prof. Dr. Ali UTKU, Atat\u00fcrk \u00dcniversitesi, T\u00dcRK\u0130YE<\/p>\n<p>Prof. Dr. Bahar G\u00dcNE\u015e, Ankara Sosyal Bilimler \u00dcniversitesi, T\u00dcRK\u0130YE<\/p>\n<p>Do\u00e7. Dr. Rahim KOOSHESH, Urmiye \u00dcniversitesi, \u0130RAN<\/p>\n<p>Do\u00e7. Dr. Muhammed MUSAZADE, Tebriz \u00dcniversite, \u0130RAN<\/p>\n<p>Do\u00e7. Dr. Ahmet TOPAL, Atat\u00fcrk \u00dcniversitesi, T\u00dcRK\u0130YE<\/p>\n<p>Do\u00e7. Dr. Sevda \u00d6NAL, Atat\u00fcrk \u00dcniversitesi, T\u00dcRK\u0130YE<\/p>\n<p>Do\u00e7. Dr. Hilal KALKANDELEN, Atat\u00fcrk \u00dcniversitesi, T\u00dcRK\u0130YE<\/p>\n<p>Do\u00e7. Dr. Sad\u0131k ARMUTLU, A\u011fr\u0131 \u0130brahim \u00c7E\u00c7EN \u00dcniversitesi, T\u00dcRK\u0130YE<\/p>\n<p>Dr. \u00d6\u011fr. \u00dcyesi Pouneh ABDOLLAHIFARD, Erzurum Teknik \u00dcniversitesi, T\u00dcRK\u0130YE<\/p>\n<p>Dr. \u00d6\u011fr. \u00dcyesi Eid Fathi ABDULLATIF, Bayburt \u00dcniversitesi, T\u00dcRK\u0130YE<\/p>\n<p>[\/vc_column_text][\/vc_column][\/vc_row]<\/p>\n","protected":false},"excerpt":{"rendered":"<p>[vc_row][vc_column][vc_column_text] Prof. Dr. Hasan \u00c7\u0130FT\u00c7\u0130, Bing\u00f6l \u00dcniversitesi, T\u00dcRK\u0130YE Prof. Dr. Esedullah VAH\u0130D, Tebriz \u00dcniversitesi, \u0130RAN Prof. Dr. Ahmet FARSBAFIAN, Tebriz \u00dcniversitesi, \u0130RAN Prof. Dr. \u0130brahim \u0130KBAL\u0130, Tebriz \u00dcniversitesi, \u0130RAN Prof. Dr. Kadir GOLKARIAN, Yak\u0131n Do\u011fu \u00dcniversitesi, KIBRIS Prof. Dr. Felihe Zehra KAZEM\u0130, Lahore College for Women University, \u00a0PAK\u0130STAN Prof. Dr. Selami ECE, Atat\u00fcrk \u00dcniversitesi, T\u00dcRK\u0130YE [&hellip;]<\/p>\n","protected":false},"author":1,"featured_media":0,"parent":0,"menu_order":0,"comment_status":"closed","ping_status":"closed","template":"","meta":{"footnotes":""},"class_list":["post-2452","page","type-page","status-publish","hentry"],"_links":{"self":[{"href":"https:\/\/fdkongre.atauni.edu.tr\/tasavvufedebiyat\/index.php?rest_route=\/wp\/v2\/pages\/2452","targetHints":{"allow":["GET"]}}],"collection":[{"href":"https:\/\/fdkongre.atauni.edu.tr\/tasavvufedebiyat\/index.php?rest_route=\/wp\/v2\/pages"}],"about":[{"href":"https:\/\/fdkongre.atauni.edu.tr\/tasavvufedebiyat\/index.php?rest_route=\/wp\/v2\/types\/page"}],"author":[{"embeddable":true,"href":"https:\/\/fdkongre.atauni.edu.tr\/tasavvufedebiyat\/index.php?rest_route=\/wp\/v2\/users\/1"}],"replies":[{"embeddable":true,"href":"https:\/\/fdkongre.atauni.edu.tr\/tasavvufedebiyat\/index.php?rest_route=%2Fwp%2Fv2%2Fcomments&post=2452"}],"version-history":[{"count":5,"href":"https:\/\/fdkongre.atauni.edu.tr\/tasavvufedebiyat\/index.php?rest_route=\/wp\/v2\/pages\/2452\/revisions"}],"predecessor-version":[{"id":2509,"href":"https:\/\/fdkongre.atauni.edu.tr\/tasavvufedebiyat\/index.php?rest_route=\/wp\/v2\/pages\/2452\/revisions\/2509"}],"wp:attachment":[{"href":"https:\/\/fdkongre.atauni.edu.tr\/tasavvufedebiyat\/index.php?rest_route=%2Fwp%2Fv2%2Fmedia&parent=2452"}],"curies":[{"name":"wp","href":"https:\/\/api.w.org\/{rel}","templated":true}]}}