{"id":2521,"date":"2021-10-21T13:44:13","date_gmt":"2021-10-21T10:44:13","guid":{"rendered":"https:\/\/fdkongre.atauni.edu.tr\/tasavvufedebiyat\/?page_id=2521"},"modified":"2021-10-25T15:05:14","modified_gmt":"2021-10-25T12:05:14","slug":"sempozyum-programi","status":"publish","type":"page","link":"https:\/\/fdkongre.atauni.edu.tr\/tasavvufedebiyat\/?page_id=2521","title":{"rendered":"SEMPOZYUM PROGRAMI"},"content":{"rendered":"\n<div data-wp-interactive=\"core\/file\" class=\"wp-block-file\"><object data-wp-bind--hidden=\"!state.hasPdfPreview\" hidden class=\"wp-block-file__embed\" data=\"https:\/\/fdkongre.atauni.edu.tr\/tasavvufedebiyat\/wp-content\/uploads\/2021\/10\/tasavvuf-ve-edebiyat-1-1.pdf\" type=\"application\/pdf\" style=\"width:100%;height:600px\" aria-label=\"tasavvuf-ve-edebiyat-1-1 g\u00f6m\u00fcs\u00fc. g\u00f6m\u00fcs\u00fc.\"><\/object><a href=\"https:\/\/fdkongre.atauni.edu.tr\/tasavvufedebiyat\/wp-content\/uploads\/2021\/10\/tasavvuf-ve-edebiyat-1-1.pdf\">tasavvuf-ve-edebiyat-1-1<\/a><a href=\"https:\/\/fdkongre.atauni.edu.tr\/tasavvufedebiyat\/wp-content\/uploads\/2021\/10\/tasavvuf-ve-edebiyat-1-1.pdf\" class=\"wp-block-file__button\" download>\u0130ndir<\/a><\/div>\n","protected":false},"excerpt":{"rendered":"tasavvuf-ve-edebiyat-1-1\u0130ndir","protected":false},"author":1,"featured_media":0,"parent":0,"menu_order":0,"comment_status":"closed","ping_status":"closed","template":"","meta":{"footnotes":""},"class_list":["post-2521","page","type-page","status-publish","hentry"],"_links":{"self":[{"href":"https:\/\/fdkongre.atauni.edu.tr\/tasavvufedebiyat\/index.php?rest_route=\/wp\/v2\/pages\/2521","targetHints":{"allow":["GET"]}}],"collection":[{"href":"https:\/\/fdkongre.atauni.edu.tr\/tasavvufedebiyat\/index.php?rest_route=\/wp\/v2\/pages"}],"about":[{"href":"https:\/\/fdkongre.atauni.edu.tr\/tasavvufedebiyat\/index.php?rest_route=\/wp\/v2\/types\/page"}],"author":[{"embeddable":true,"href":"https:\/\/fdkongre.atauni.edu.tr\/tasavvufedebiyat\/index.php?rest_route=\/wp\/v2\/users\/1"}],"replies":[{"embeddable":true,"href":"https:\/\/fdkongre.atauni.edu.tr\/tasavvufedebiyat\/index.php?rest_route=%2Fwp%2Fv2%2Fcomments&post=2521"}],"version-history":[{"count":4,"href":"https:\/\/fdkongre.atauni.edu.tr\/tasavvufedebiyat\/index.php?rest_route=\/wp\/v2\/pages\/2521\/revisions"}],"predecessor-version":[{"id":2532,"href":"https:\/\/fdkongre.atauni.edu.tr\/tasavvufedebiyat\/index.php?rest_route=\/wp\/v2\/pages\/2521\/revisions\/2532"}],"wp:attachment":[{"href":"https:\/\/fdkongre.atauni.edu.tr\/tasavvufedebiyat\/index.php?rest_route=%2Fwp%2Fv2%2Fmedia&parent=2521"}],"curies":[{"name":"wp","href":"https:\/\/api.w.org\/{rel}","templated":true}]}}